{"id":71,"date":"2026-02-11T12:18:17","date_gmt":"2026-02-11T12:18:17","guid":{"rendered":"https:\/\/annaniestroj.com\/?page_id=71"},"modified":"2026-03-02T20:12:38","modified_gmt":"2026-03-02T20:12:38","slug":"cv","status":"publish","type":"page","link":"https:\/\/annaniestroj.com\/?page_id=71","title":{"rendered":"CV"},"content":{"rendered":"\n<p><strong>2026<\/strong><br>Gr\u00fcndung <a href=\"http:\/\/letsmakeartlike.com\/\" target=\"_blank\" rel=\"noreferrer noopener\">Let&#8217;s Make Art Like<\/a><\/p>\n\n\n\n<p><strong>2024<\/strong><br>Zweites Staatsexamen<br>volle Lehrbef\u00e4higung in den F\u00e4chern Mathematik und Bildende Kunst f\u00fcr Sek 1 &amp; 2<br><br><strong>2023<\/strong><br>Gr\u00fcndung <a href=\"https:\/\/studioblinkblink.com\/\" data-type=\"link\" data-id=\"https:\/\/studioblinkblink.com\/\" target=\"_blank\" rel=\"noreferrer noopener\">Studio Blinkblink<\/a> Shop<br><br><strong>2022<\/strong><br>Abschluss des Mathematikstudiums<br><br><strong>2019 bis 2024<\/strong><br>Quereinstieg ins Lehramt mit berufsbegleitendem Studium der Mathematik und darauf folgendem Referendariat (Jean-Kr\u00e4mer-Schule und Thomas-Mann-Gymnasium, Berlin)<br><br><strong>2019 bis 2023<\/strong><br>Atelierprojekt auf dem K\u00fcnstlerInnenhof Frohnau<br><br><strong>seit 2019<\/strong><br>Klassenleitung und Lehrkraft f\u00fcr Mathematik und Bildende Kunst an der Jean Kr\u00e4mer Schule (in Festanstellung)<br><br><strong>2018<\/strong><br>Atelierprojekt im ehemaligen Amtsgericht J\u00fcterbog<br><br><strong>2017<\/strong><br>Gr\u00fcndung <a href=\"https:\/\/monster-patterns.com\/\" data-type=\"link\" data-id=\"https:\/\/monster-patterns.com\/\" target=\"_blank\" rel=\"noreferrer noopener\">M\u00f8nster Patterns<\/a><br><br><strong>2012<\/strong><br>Gr\u00fcndung <a href=\"https:\/\/studioblinkblink.com\/\" target=\"_blank\" rel=\"noreferrer noopener\">Studio Blinkblink<\/a><br><br><strong>2011<\/strong><br>Master of Arts in Design<br>Exzellenzfeld: Trends<br>Zu\u0308rcher Hochschule der Ku\u0308nste<br>Masterthesis: Bloggold. &#8211; Untersuchung der Inszenierung und Wertigkeit von Authentizit\u00e4t in popkulturellen pers\u00f6nlichen Lifestyleblogs.<br><br><strong>2009<\/strong><br>Bachelor of Arts<br>Visual-, Interaction- &amp; Motiondesign<br>Berliner Technische Kunsthochschule<br>Bachelorarbeit: DIY Heute. &#8211; Der wiedergekehrte Trend zur Handarbeit im Zeitalter des Internets. Untersuchung einer Gesellschaftsbewegung auf web-basierter und realer Ebene.<br><br><strong>2008 bis 2018<\/strong><br><a href=\"http:\/\/blog.blinkblink.de\/\" target=\"_blank\" rel=\"noreferrer noopener\">Blinkblink Blog<\/a><br><br><strong>2007<\/strong><br>Berufsfachabschluss Kommunikationsdesign<br>Hamburger Technische Kunstschule<br>Akademie fu\u0308r Gestaltung<br><br><strong>Beginn der Freiberuflichkeit im Bereich Design &amp; Medien<\/strong><br><br><strong>2004<\/strong><br>Abitur, Gymnasium Damme<br><br><strong>1987<\/strong><br>Migration nach Deutschland<br><br><strong>1985<\/strong><br>Geboren in Opole, Polen<\/p>\n","protected":false},"excerpt":{"rendered":"<p>2026Gr\u00fcndung Let&#8217;s Make Art Like 2024Zweites Staatsexamenvolle Lehrbef\u00e4higung in den F\u00e4chern Mathematik und Bildende Kunst f\u00fcr Sek 1 &amp; 2 2023Gr\u00fcndung Studio Blinkblink Shop 2022Abschluss des Mathematikstudiums 2019 bis 2024Quereinstieg ins Lehramt mit berufsbegleitendem Studium der Mathematik und darauf folgendem Referendariat (Jean-Kr\u00e4mer-Schule und Thomas-Mann-Gymnasium, Berlin) 2019 bis 2023Atelierprojekt auf dem K\u00fcnstlerInnenhof Frohnau seit 2019Klassenleitung und&hellip; <a class=\"more-link\" href=\"https:\/\/annaniestroj.com\/?page_id=71\"><span class=\"screen-reader-text\">CV<\/span> weiterlesen<\/a><\/p>\n","protected":false},"author":1,"featured_media":0,"parent":0,"menu_order":0,"comment_status":"closed","ping_status":"closed","template":"","meta":{"footnotes":""},"class_list":["post-71","page","type-page","status-publish","hentry","entry"],"_links":{"self":[{"href":"https:\/\/annaniestroj.com\/index.php?rest_route=\/wp\/v2\/pages\/71","targetHints":{"allow":["GET"]}}],"collection":[{"href":"https:\/\/annaniestroj.com\/index.php?rest_route=\/wp\/v2\/pages"}],"about":[{"href":"https:\/\/annaniestroj.com\/index.php?rest_route=\/wp\/v2\/types\/page"}],"author":[{"embeddable":true,"href":"https:\/\/annaniestroj.com\/index.php?rest_route=\/wp\/v2\/users\/1"}],"replies":[{"embeddable":true,"href":"https:\/\/annaniestroj.com\/index.php?rest_route=%2Fwp%2Fv2%2Fcomments&post=71"}],"version-history":[{"count":15,"href":"https:\/\/annaniestroj.com\/index.php?rest_route=\/wp\/v2\/pages\/71\/revisions"}],"predecessor-version":[{"id":103,"href":"https:\/\/annaniestroj.com\/index.php?rest_route=\/wp\/v2\/pages\/71\/revisions\/103"}],"wp:attachment":[{"href":"https:\/\/annaniestroj.com\/index.php?rest_route=%2Fwp%2Fv2%2Fmedia&parent=71"}],"curies":[{"name":"wp","href":"https:\/\/api.w.org\/{rel}","templated":true}]}}